{"id":274,"date":"2016-08-19T21:45:44","date_gmt":"2016-08-19T21:45:44","guid":{"rendered":"http:\/\/dev.www.amaze-local.com\/?page_id=2"},"modified":"2023-04-04T16:07:30","modified_gmt":"2023-04-04T16:07:30","slug":"espanol","status":"publish","type":"page","link":"https:\/\/beta.amaze.org\/es\/espanol\/","title":{"rendered":"AMAZE espanol"},"content":{"rendered":"<p><span style=\"font-weight: 400\">Mi AMAZE te permite dise\u00f1ar tu propio espacio mediante la selecci\u00f3n de videos que te resulten m\u00e1s \u00fatiles al momento de impartir tus clases. Esto significa que puedes crear tu propia lista de reproducci\u00f3n de videos para que la integres a tu plan de estudios y puedas as\u00ed, abordar diversos temas sobre sexualidad de manera sencilla y entretenida tanto dentro como fuera del aula. <\/span><\/p>\n<p><span style=\"font-weight: 400\">Una vez que te registres, podr\u00e1s ingresar en cualquier momento y desde cualquier lugar a tu p\u00e1gina personalizada, podr\u00e1s compartir tu lista de reproducci\u00f3n con tus estudiantes, y podr\u00e1s saber con qu\u00e9 frecuencia han sido vistos los videos. <\/span><\/p>\n<p><span style=\"font-weight: 400\">\u00a1Es una excelente herramienta educativa que ofrece m\u00e1s informaci\u00f3n y te ayuda a resolver sus dudas!<\/span><\/p>\n<p>&nbsp;<\/p>\n","protected":false},"excerpt":{"rendered":"<p>Mi AMAZE te permite dise\u00f1ar tu propio espacio mediante la selecci\u00f3n de videos que te resulten m\u00e1s \u00fatiles al momento de impartir tus clases. Esto significa que puedes crear tu propia lista de reproducci\u00f3n de videos para que la integres a tu plan de estudios y puedas as\u00ed, abordar diversos temas sobre sexualidad de manera &hellip; <a href=\"https:\/\/beta.amaze.org\/es\/espanol\/\">Continued<\/a><\/p>\n","protected":false},"author":334,"featured_media":0,"parent":0,"menu_order":0,"comment_status":"open","ping_status":"open","template":"front-page.php","meta":{"_acf_changed":false,"_relevanssi_hide_post":"","_relevanssi_hide_content":"","_relevanssi_pin_for_all":"","_relevanssi_pin_keywords":"","_relevanssi_unpin_keywords":"","_relevanssi_related_keywords":"","_relevanssi_related_include_ids":"","_relevanssi_related_exclude_ids":"","_relevanssi_related_no_append":"","_relevanssi_related_not_related":"","_relevanssi_related_posts":"","_relevanssi_noindex_reason":"","footnotes":""},"class_list":["post-274","page","type-page","status-publish","hentry"],"acf":[],"yoast_head":"<!-- This site is optimized with the Yoast SEO plugin v25.9 - https:\/\/yoast.com\/wordpress\/plugins\/seo\/ -->\n<title>amaze-es \/ Latin America<\/title>\n<meta name=\"robots\" content=\"noindex, follow, max-snippet:-1, max-image-preview:large, max-video-preview:-1\" \/>\n<meta property=\"og:locale\" content=\"es_ES\" \/>\n<meta property=\"og:type\" content=\"article\" \/>\n<meta property=\"og:title\" content=\"AMAZE espanol - amaze-es \/ Latin America\" \/>\n<meta property=\"og:description\" content=\"Mi AMAZE te permite dise\u00f1ar tu propio espacio mediante la selecci\u00f3n de videos que te resulten m\u00e1s \u00fatiles al momento de impartir tus clases. Esto significa que puedes crear tu propia lista de reproducci\u00f3n de videos para que la integres a tu plan de estudios y puedas as\u00ed, abordar diversos temas sobre sexualidad de manera &hellip; Continued\" \/>\n<meta property=\"og:url\" content=\"https:\/\/beta.amaze.org\/es\/espanol\/\" \/>\n<meta property=\"og:site_name\" content=\"amaze-es \/ Latin America\" \/>\n<meta property=\"article:modified_time\" content=\"2023-04-04T16:07:30+00:00\" \/>\n<meta name=\"twitter:card\" content=\"summary_large_image\" \/>\n<meta name=\"twitter:label1\" content=\"Est. reading time\" \/>\n\t<meta name=\"twitter:data1\" content=\"1 minute\" \/>\n<script type=\"application\/ld+json\" class=\"yoast-schema-graph\">{\"@context\":\"https:\/\/schema.org\",\"@graph\":[{\"@type\":\"WebPage\",\"@id\":\"https:\/\/beta.amaze.org\/es\/espanol\/\",\"url\":\"https:\/\/beta.amaze.org\/es\/espanol\/\",\"name\":\"AMAZE espanol - amaze-es \/ Latin America\",\"isPartOf\":{\"@id\":\"https:\/\/beta.amaze.org\/es\/#website\"},\"datePublished\":\"2016-08-19T21:45:44+00:00\",\"dateModified\":\"2023-04-04T16:07:30+00:00\",\"inLanguage\":\"es-ES\",\"potentialAction\":[{\"@type\":\"ReadAction\",\"target\":[\"https:\/\/beta.amaze.org\/es\/espanol\/\"]}]},{\"@type\":\"WebSite\",\"@id\":\"https:\/\/beta.amaze.org\/es\/#website\",\"url\":\"https:\/\/beta.amaze.org\/es\/\",\"name\":\"amaze-es \/ Latin America\",\"description\":\"Just another amaze Sites site\",\"potentialAction\":[{\"@type\":\"SearchAction\",\"target\":{\"@type\":\"EntryPoint\",\"urlTemplate\":\"https:\/\/beta.amaze.org\/es\/?s={search_term_string}\"},\"query-input\":{\"@type\":\"PropertyValueSpecification\",\"valueRequired\":true,\"valueName\":\"search_term_string\"}}],\"inLanguage\":\"es-ES\"}]}<\/script>\n<!-- \/ Yoast SEO plugin. -->","yoast_head_json":{"title":"amaze-es \/ Latin America","robots":{"index":"noindex","follow":"follow","max-snippet":"max-snippet:-1","max-image-preview":"max-image-preview:large","max-video-preview":"max-video-preview:-1"},"og_locale":"es_ES","og_type":"article","og_title":"AMAZE espanol - amaze-es \/ Latin America","og_description":"Mi AMAZE te permite dise\u00f1ar tu propio espacio mediante la selecci\u00f3n de videos que te resulten m\u00e1s \u00fatiles al momento de impartir tus clases. Esto significa que puedes crear tu propia lista de reproducci\u00f3n de videos para que la integres a tu plan de estudios y puedas as\u00ed, abordar diversos temas sobre sexualidad de manera &hellip; Continued","og_url":"https:\/\/beta.amaze.org\/es\/espanol\/","og_site_name":"amaze-es \/ Latin America","article_modified_time":"2023-04-04T16:07:30+00:00","twitter_card":"summary_large_image","twitter_misc":{"Est. reading time":"1 minute"},"schema":{"@context":"https:\/\/schema.org","@graph":[{"@type":"WebPage","@id":"https:\/\/beta.amaze.org\/es\/espanol\/","url":"https:\/\/beta.amaze.org\/es\/espanol\/","name":"AMAZE espanol - amaze-es \/ Latin America","isPartOf":{"@id":"https:\/\/beta.amaze.org\/es\/#website"},"datePublished":"2016-08-19T21:45:44+00:00","dateModified":"2023-04-04T16:07:30+00:00","inLanguage":"es-ES","potentialAction":[{"@type":"ReadAction","target":["https:\/\/beta.amaze.org\/es\/espanol\/"]}]},{"@type":"WebSite","@id":"https:\/\/beta.amaze.org\/es\/#website","url":"https:\/\/beta.amaze.org\/es\/","name":"amaze-es \/ Latin America","description":"Just another amaze Sites site","potentialAction":[{"@type":"SearchAction","target":{"@type":"EntryPoint","urlTemplate":"https:\/\/beta.amaze.org\/es\/?s={search_term_string}"},"query-input":{"@type":"PropertyValueSpecification","valueRequired":true,"valueName":"search_term_string"}}],"inLanguage":"es-ES"}]}},"_links":{"self":[{"href":"https:\/\/beta.amaze.org\/es\/wp-json\/wp\/v2\/pages\/274","targetHints":{"allow":["GET"]}}],"collection":[{"href":"https:\/\/beta.amaze.org\/es\/wp-json\/wp\/v2\/pages"}],"about":[{"href":"https:\/\/beta.amaze.org\/es\/wp-json\/wp\/v2\/types\/page"}],"author":[{"embeddable":true,"href":"https:\/\/beta.amaze.org\/es\/wp-json\/wp\/v2\/users\/334"}],"replies":[{"embeddable":true,"href":"https:\/\/beta.amaze.org\/es\/wp-json\/wp\/v2\/comments?post=274"}],"version-history":[{"count":95,"href":"https:\/\/beta.amaze.org\/es\/wp-json\/wp\/v2\/pages\/274\/revisions"}],"predecessor-version":[{"id":8739,"href":"https:\/\/beta.amaze.org\/es\/wp-json\/wp\/v2\/pages\/274\/revisions\/8739"}],"wp:attachment":[{"href":"https:\/\/beta.amaze.org\/es\/wp-json\/wp\/v2\/media?parent=274"}],"curies":[{"name":"wp","href":"https:\/\/api.w.org\/{rel}","templated":true}]}}